{"id":20,"date":"2025-12-10T13:28:07","date_gmt":"2025-12-10T12:28:07","guid":{"rendered":"https:\/\/taxidestinocadiz.com\/?page_id=20"},"modified":"2026-02-18T13:29:17","modified_gmt":"2026-02-18T12:29:17","slug":"aviso-legal","status":"publish","type":"page","link":"https:\/\/taxidestinocadiz.com\/en\/aviso-legal\/","title":{"rendered":"Legal notice"},"content":{"rendered":"<div data-elementor-type=\"wp-page\" data-elementor-id=\"20\" class=\"elementor elementor-20\" data-elementor-post-type=\"page\">\n\t\t\t\t<div class=\"elementor-element elementor-element-0a73b65 e-flex e-con-boxed e-con e-parent\" data-id=\"0a73b65\" data-element_type=\"container\" data-e-type=\"container\" data-settings=\"{&quot;background_background&quot;:&quot;classic&quot;}\">\n\t\t\t\t\t<div class=\"e-con-inner\">\n\t\t\t\t<div class=\"elementor-element elementor-element-7db81f1 elementor-widget elementor-widget-heading\" data-id=\"7db81f1\" data-element_type=\"widget\" data-e-type=\"widget\" data-widget_type=\"heading.default\">\n\t\t\t\t\t<h2 class=\"elementor-heading-title elementor-size-default\">LEGAL NOTICE AND GENERAL CONDITIONS<\/h2>\t\t\t\t<\/div>\n\t\t\t\t<div class=\"elementor-element elementor-element-c722b95 elementor-widget elementor-widget-text-editor\" data-id=\"c722b95\" data-element_type=\"widget\" data-e-type=\"widget\" data-widget_type=\"text-editor.default\">\n\t\t\t\t\t\t\t\t\t<p>I. GENERAL INFORMATION<\/p>\t\t\t\t\t\t\t\t<\/div>\n\t\t\t\t<div class=\"elementor-element elementor-element-2e7bac3 elementor-widget elementor-widget-text-editor\" data-id=\"2e7bac3\" data-element_type=\"widget\" data-e-type=\"widget\" data-widget_type=\"text-editor.default\">\n\t\t\t\t\t\t\t\t\t<p>In compliance with the duty to provide information established in Law 34\/2002 on Information Society Services and Electronic Commerce (LSSI-CE) of July 11, the following general information about this website is provided below:<\/p><p>Ownership of this website, <strong>https:\/\/taxidestinocadiz.com<\/strong>, (hereinafter, Website) holds it: <strong>Jose Carlos Cortes Bernardo<\/strong>, with NIF: 49070767Z, and whose contact details are:<\/p><p>Contact email: <strong><a href=\"mailto:hola@taxidestinocadiz.com\">hola@taxidestinocadiz.com<\/a><\/strong><\/p>\t\t\t\t\t\t\t\t<\/div>\n\t\t\t\t<div class=\"elementor-element elementor-element-24adbf7 elementor-widget elementor-widget-text-editor\" data-id=\"24adbf7\" data-element_type=\"widget\" data-e-type=\"widget\" data-widget_type=\"text-editor.default\">\n\t\t\t\t\t\t\t\t\t<p>II. GENERAL TERMS AND CONDITIONS OF USE<\/p>\t\t\t\t\t\t\t\t<\/div>\n\t\t\t\t<div class=\"elementor-element elementor-element-1d54763 elementor-widget elementor-widget-text-editor\" data-id=\"1d54763\" data-element_type=\"widget\" data-e-type=\"widget\" data-widget_type=\"text-editor.default\">\n\t\t\t\t\t\t\t\t\t<p>The subject of the conditions: The Website<\/p>\t\t\t\t\t\t\t\t<\/div>\n\t\t\t\t<div class=\"elementor-element elementor-element-de30f5b elementor-widget elementor-widget-text-editor\" data-id=\"de30f5b\" data-element_type=\"widget\" data-e-type=\"widget\" data-widget_type=\"text-editor.default\">\n\t\t\t\t\t\t\t\t\t<p>The purpose of these General Terms of Use (hereinafter, Terms) is to regulate access to and use of the Website. For the purposes of these Terms, the Website shall be understood to mean: the external appearance of the screen interfaces, both static and dynamic, i.e., the navigation structure; and all elements integrated into both the screen interfaces and the navigation structure (hereinafter, Content) and all online services or resources that may be offered to Users (hereinafter, Services).<\/p><p><strong>Taxi C\u00e1diz <\/strong>The company reserves the right to modify, at any time and without prior notice, the presentation and configuration of the Website and the Content and Services that may be incorporated therein. The User acknowledges and accepts that at any time <strong>Taxi C\u00e1diz<\/strong><b>\u00a0<\/b>may interrupt, disable and\/or cancel any of these elements that are integrated into the Website or access to them.<\/p>\t\t\t\t\t\t\t\t<\/div>\n\t\t\t\t<div class=\"elementor-element elementor-element-6fcad0a elementor-widget elementor-widget-text-editor\" data-id=\"6fcad0a\" data-element_type=\"widget\" data-e-type=\"widget\" data-widget_type=\"text-editor.default\">\n\t\t\t\t\t\t\t\t\t<p>The User<\/p>\t\t\t\t\t\t\t\t<\/div>\n\t\t\t\t<div class=\"elementor-element elementor-element-0e3b830 elementor-widget elementor-widget-text-editor\" data-id=\"0e3b830\" data-element_type=\"widget\" data-e-type=\"widget\" data-widget_type=\"text-editor.default\">\n\t\t\t\t\t\t\t\t\t<p>Accessing, browsing, and using this Website confers the status of User, and therefore, by beginning to browse the Website, you accept all the Conditions established herein, as well as any subsequent modifications, without prejudice to the application of the corresponding mandatory legal regulations as applicable. Given the importance of the foregoing, Users are advised to read them each time they visit the Website.<\/p><p>The Website of <strong>Taxi C\u00e1diz <\/strong>It provides a wide variety of information, services, and data. The User assumes responsibility for making proper use of the Website. This responsibility extends to:<\/p><ul><li>Use of the information, content and\/or services and data offered by <strong>Taxi C\u00e1diz <\/strong>without being contrary to the provisions of these Terms, the Law, morality or public order, or that may in any other way imply injury to the rights of third parties or the same functioning of the Website.<\/li><li>The veracity and legality of the information provided by the User in the forms provided by <strong>Taxi C\u00e1diz <\/strong>for access to certain Content or Services offered by the Website. In any case, the User will immediately notify <strong>Taxi C\u00e1diz <\/strong>about any fact that allows the misuse of the information registered in said forms, such as, but not only, theft, loss, or unauthorized access to identifiers and\/or passwords, in order to proceed with their immediate cancellation.<\/li><\/ul><div>\u00a0<\/div><p>Mere access to this Website does not imply the establishment of any type of commercial relationship between <strong>Taxi C\u00e1diz <\/strong>and the User.<\/p>\t\t\t\t\t\t\t\t<\/div>\n\t\t\t\t<div class=\"elementor-element elementor-element-a8ba1be elementor-widget elementor-widget-text-editor\" data-id=\"a8ba1be\" data-element_type=\"widget\" data-e-type=\"widget\" data-widget_type=\"text-editor.default\">\n\t\t\t\t\t\t\t\t\t<p>III. ACCESS AND NAVIGATION ON THE WEBSITE: EXCLUSION OF WARRANTIES AND LIABILITY<\/p>\t\t\t\t\t\t\t\t<\/div>\n\t\t\t\t<div class=\"elementor-element elementor-element-f8e461b elementor-widget elementor-widget-text-editor\" data-id=\"f8e461b\" data-element_type=\"widget\" data-e-type=\"widget\" data-widget_type=\"text-editor.default\">\n\t\t\t\t\t\t\t\t\t<p><strong>Taxi C\u00e1diz <\/strong>It does not guarantee the continuity, availability and usefulness of the Website, nor of the Content or Services. <strong>Taxi C\u00e1diz <\/strong>will do everything possible to ensure the proper functioning of the Website; however, it is not responsible for and does not guarantee that access to this Website will be uninterrupted or error-free.<\/p><p>Nor does it assume responsibility for or guarantee that the content or software accessible through this Website is error-free or will not cause damage to the User&#039;s computer system (software and hardware). Under no circumstances <strong>Taxi C\u00e1diz <\/strong>will be liable for any losses, damages or harm of any kind arising from access, browsing and use of the Website, including, but not limited to, those caused to computer systems or those caused by the introduction of viruses.<\/p><p><strong>Taxi C\u00e1diz <\/strong>Nor is it responsible for any damages that may be caused to users by improper use of this Website. In particular, it is not responsible in any way for any failures, interruptions, or defects in telecommunications that may occur.<\/p>\t\t\t\t\t\t\t\t<\/div>\n\t\t\t\t<div class=\"elementor-element elementor-element-25dd57a elementor-widget elementor-widget-text-editor\" data-id=\"25dd57a\" data-element_type=\"widget\" data-e-type=\"widget\" data-widget_type=\"text-editor.default\">\n\t\t\t\t\t\t\t\t\t<p>IV. LINKING POLICY<\/p>\t\t\t\t\t\t\t\t<\/div>\n\t\t\t\t<div class=\"elementor-element elementor-element-6ec4e97 elementor-widget elementor-widget-text-editor\" data-id=\"6ec4e97\" data-element_type=\"widget\" data-e-type=\"widget\" data-widget_type=\"text-editor.default\">\n\t\t\t\t\t\t\t\t\t<p><strong>Taxi C\u00e1diz <\/strong>It does not offer or market, either directly or through third parties, the products and\/or services available on these linked sites.<\/p><p>The User or third party who creates a hyperlink from a web page of another, different website to the Website of <strong>Taxi C\u00e1diz <\/strong>You should know that:<\/p><p>Reproduction\u2014in whole or in part\u2014of any of the Website Content and\/or Services is not permitted without the express authorization of <strong>Taxi C\u00e1diz<\/strong>.<\/p><p>No false, inaccurate, or incorrect statements about the Website are permitted. <strong>Taxi C\u00e1diz<\/strong>, nor about its Content and\/or Services.<\/p><p>With the exception of the hyperlink itself, the website on which said hyperlink is established shall not contain any element from this Website that is protected as intellectual property under Spanish law, unless expressly authorized by <strong>Taxi C\u00e1diz<\/strong>.<\/p><p>Establishing a hyperlink does not imply the existence of relationships between <strong>Taxi C\u00e1diz <\/strong>and the owner of the website from which it is made, nor the knowledge and acceptance of <strong>Taxi C\u00e1diz <\/strong>of the content, services and\/or activities offered on said website, and vice versa.<\/p>\t\t\t\t\t\t\t\t<\/div>\n\t\t\t\t<div class=\"elementor-element elementor-element-16af189 elementor-widget elementor-widget-text-editor\" data-id=\"16af189\" data-element_type=\"widget\" data-e-type=\"widget\" data-widget_type=\"text-editor.default\">\n\t\t\t\t\t\t\t\t\t<p>V. INTELLECTUAL AND INDUSTRIAL PROPERTY<\/p>\t\t\t\t\t\t\t\t<\/div>\n\t\t\t\t<div class=\"elementor-element elementor-element-2059a72 elementor-widget elementor-widget-text-editor\" data-id=\"2059a72\" data-element_type=\"widget\" data-e-type=\"widget\" data-widget_type=\"text-editor.default\">\n\t\t\t\t\t\t\t\t\t<p><strong>Taxi C\u00e1diz <\/strong>Whether acting on its own behalf or as an assignee, it holds all intellectual and industrial property rights to the Website, as well as to the elements contained therein (including, but not limited to, images, sound, audio, video, software or texts, trademarks or logos, color combinations, structure and design, selection of materials used, computer programs necessary for its operation, access and use, etc.). These are therefore works protected as intellectual property under Spanish law, and both Spanish and European Union regulations in this field, as well as international treaties on the subject to which Spain is a signatory, apply to them.<\/p><p>All rights reserved. Pursuant to the provisions of the Intellectual Property Law, the reproduction, distribution, and public communication, including making available, of all or part of the content of this website for commercial purposes, in any medium and by any technical means, is expressly prohibited without the authorization of <strong>Taxi C\u00e1diz<\/strong>.<\/p><p>The User agrees to respect the intellectual and industrial property rights of <strong>Taxi C\u00e1diz<\/strong>. You may view the elements of the Website and even print, copy, and store them on your computer&#039;s hard drive or any other physical medium, provided that it is exclusively for your personal use. However, you may not delete, alter, or manipulate any protection device or security system installed on the Website.<\/p><p>If the User or a third party believes that any of the Website Content infringes intellectual property rights, they must immediately notify <strong>Taxi C\u00e1diz <\/strong>through the contact details in the GENERAL INFORMATION section of this Legal Notice and General Terms of Use.<\/p>\t\t\t\t\t\t\t\t<\/div>\n\t\t\t\t<div class=\"elementor-element elementor-element-7b887b1 elementor-widget elementor-widget-text-editor\" data-id=\"7b887b1\" data-element_type=\"widget\" data-e-type=\"widget\" data-widget_type=\"text-editor.default\">\n\t\t\t\t\t\t\t\t\t<p>VI. LEGAL ACTIONS, APPLICABLE LAW AND JURISDICTION<\/p>\t\t\t\t\t\t\t\t<\/div>\n\t\t\t\t<div class=\"elementor-element elementor-element-d71384f elementor-widget elementor-widget-text-editor\" data-id=\"d71384f\" data-element_type=\"widget\" data-e-type=\"widget\" data-widget_type=\"text-editor.default\">\n\t\t\t\t\t\t\t\t\t<p><strong>Taxi C\u00e1diz <\/strong>reserves the right to take any civil or criminal action it deems necessary for the misuse of the Website and Content, or for non-compliance with these Terms and Conditions.<\/p><p>The relationship between the User and <strong>Taxi C\u00e1diz <\/strong>This agreement shall be governed by the laws in force and applicable in Spain. Any dispute arising in connection with the interpretation and\/or application of these Terms and Conditions shall be submitted to the ordinary courts of law, subject to the jurisdiction of the competent courts and tribunals.<\/p><p>This Legal Notice and General Terms of Use document for the website was created using the online legal notice and terms of use template generator on 16\/07\/2021.<\/p>\t\t\t\t\t\t\t\t<\/div>\n\t\t\t\t\t<\/div>\n\t\t\t\t<\/div>\n\t\t\t\t<\/div>","protected":false},"excerpt":{"rendered":"<p>AVISO LEGAL Y CONDICIONES GENERALES I. INFORMACI\u00d3N GENERAL En cumplimiento con el deber de informaci\u00f3n dispuesto en la Ley 34\/2002 de Servicios de la Sociedad de la Informaci\u00f3n y el Comercio Electr\u00f3nico (LSSI-CE) de 11 de julio, se facilitan a continuaci\u00f3n los siguientes datos de informaci\u00f3n general de este sitio web: La titularidad de este [&hellip;]<\/p>\n","protected":false},"author":2,"featured_media":0,"parent":0,"menu_order":0,"comment_status":"closed","ping_status":"closed","template":"","meta":{"footnotes":""},"class_list":["post-20","page","type-page","status-publish","hentry"],"yoast_head":"<!-- This site is optimized with the Yoast SEO plugin v27.4 - https:\/\/yoast.com\/product\/yoast-seo-wordpress\/ -->\n<title>Aviso legal - Taxi Destino C\u00e1diz<\/title>\n<meta name=\"robots\" content=\"noindex, nofollow\" \/>\n<meta property=\"og:locale\" content=\"en_GB\" \/>\n<meta property=\"og:type\" content=\"article\" \/>\n<meta property=\"og:title\" content=\"Aviso legal - Taxi Destino C\u00e1diz\" \/>\n<meta property=\"og:description\" content=\"AVISO LEGAL Y CONDICIONES GENERALES I. INFORMACI\u00d3N GENERAL En cumplimiento con el deber de informaci\u00f3n dispuesto en la Ley 34\/2002 de Servicios de la Sociedad de la Informaci\u00f3n y el Comercio Electr\u00f3nico (LSSI-CE) de 11 de julio, se facilitan a continuaci\u00f3n los siguientes datos de informaci\u00f3n general de este sitio web: La titularidad de este [&hellip;]\" \/>\n<meta property=\"og:url\" content=\"https:\/\/taxidestinocadiz.com\/en\/aviso-legal\/\" \/>\n<meta property=\"og:site_name\" content=\"Taxi Destino C\u00e1diz\" \/>\n<meta property=\"article:modified_time\" content=\"2026-02-18T12:29:17+00:00\" \/>\n<meta name=\"twitter:card\" content=\"summary_large_image\" \/>\n<meta name=\"twitter:label1\" content=\"Estimated reading time\" \/>\n\t<meta name=\"twitter:data1\" content=\"7 minutes\" \/>\n<script type=\"application\/ld+json\" class=\"yoast-schema-graph\">{\"@context\":\"https:\\\/\\\/schema.org\",\"@graph\":[{\"@type\":\"WebPage\",\"@id\":\"https:\\\/\\\/taxidestinocadiz.com\\\/aviso-legal\\\/\",\"url\":\"https:\\\/\\\/taxidestinocadiz.com\\\/aviso-legal\\\/\",\"name\":\"Aviso legal - Taxi Destino C\u00e1diz\",\"isPartOf\":{\"@id\":\"https:\\\/\\\/taxidestinocadiz.com\\\/#website\"},\"datePublished\":\"2025-12-10T12:28:07+00:00\",\"dateModified\":\"2026-02-18T12:29:17+00:00\",\"breadcrumb\":{\"@id\":\"https:\\\/\\\/taxidestinocadiz.com\\\/aviso-legal\\\/#breadcrumb\"},\"inLanguage\":\"en-GB\",\"potentialAction\":[{\"@type\":\"ReadAction\",\"target\":[\"https:\\\/\\\/taxidestinocadiz.com\\\/aviso-legal\\\/\"]}]},{\"@type\":\"BreadcrumbList\",\"@id\":\"https:\\\/\\\/taxidestinocadiz.com\\\/aviso-legal\\\/#breadcrumb\",\"itemListElement\":[{\"@type\":\"ListItem\",\"position\":1,\"name\":\"Portada\",\"item\":\"https:\\\/\\\/taxidestinocadiz.com\\\/\"},{\"@type\":\"ListItem\",\"position\":2,\"name\":\"Aviso legal\"}]},{\"@type\":\"WebSite\",\"@id\":\"https:\\\/\\\/taxidestinocadiz.com\\\/#website\",\"url\":\"https:\\\/\\\/taxidestinocadiz.com\\\/\",\"name\":\"Taxi Destino C\u00e1diz\",\"description\":\"\",\"publisher\":{\"@id\":\"https:\\\/\\\/taxidestinocadiz.com\\\/#organization\"},\"potentialAction\":[{\"@type\":\"SearchAction\",\"target\":{\"@type\":\"EntryPoint\",\"urlTemplate\":\"https:\\\/\\\/taxidestinocadiz.com\\\/?s={search_term_string}\"},\"query-input\":{\"@type\":\"PropertyValueSpecification\",\"valueRequired\":true,\"valueName\":\"search_term_string\"}}],\"inLanguage\":\"en-GB\"},{\"@type\":\"Organization\",\"@id\":\"https:\\\/\\\/taxidestinocadiz.com\\\/#organization\",\"name\":\"Taxi Destino C\u00e1diz\",\"url\":\"https:\\\/\\\/taxidestinocadiz.com\\\/\",\"logo\":{\"@type\":\"ImageObject\",\"inLanguage\":\"en-GB\",\"@id\":\"https:\\\/\\\/taxidestinocadiz.com\\\/#\\\/schema\\\/logo\\\/image\\\/\",\"url\":\"https:\\\/\\\/taxidestinocadiz.com\\\/wp-content\\\/uploads\\\/2025\\\/12\\\/logo-taxi.svg\",\"contentUrl\":\"https:\\\/\\\/taxidestinocadiz.com\\\/wp-content\\\/uploads\\\/2025\\\/12\\\/logo-taxi.svg\",\"width\":201,\"height\":25,\"caption\":\"Taxi Destino C\u00e1diz\"},\"image\":{\"@id\":\"https:\\\/\\\/taxidestinocadiz.com\\\/#\\\/schema\\\/logo\\\/image\\\/\"}}]}<\/script>\n<!-- \/ Yoast SEO plugin. -->","yoast_head_json":{"title":"Aviso legal - Taxi Destino C\u00e1diz","robots":{"index":"noindex","follow":"nofollow"},"og_locale":"en_GB","og_type":"article","og_title":"Aviso legal - Taxi Destino C\u00e1diz","og_description":"AVISO LEGAL Y CONDICIONES GENERALES I. INFORMACI\u00d3N GENERAL En cumplimiento con el deber de informaci\u00f3n dispuesto en la Ley 34\/2002 de Servicios de la Sociedad de la Informaci\u00f3n y el Comercio Electr\u00f3nico (LSSI-CE) de 11 de julio, se facilitan a continuaci\u00f3n los siguientes datos de informaci\u00f3n general de este sitio web: La titularidad de este [&hellip;]","og_url":"https:\/\/taxidestinocadiz.com\/en\/aviso-legal\/","og_site_name":"Taxi Destino C\u00e1diz","article_modified_time":"2026-02-18T12:29:17+00:00","twitter_card":"summary_large_image","twitter_misc":{"Estimated reading time":"7 minutes"},"schema":{"@context":"https:\/\/schema.org","@graph":[{"@type":"WebPage","@id":"https:\/\/taxidestinocadiz.com\/aviso-legal\/","url":"https:\/\/taxidestinocadiz.com\/aviso-legal\/","name":"Aviso legal - Taxi Destino C\u00e1diz","isPartOf":{"@id":"https:\/\/taxidestinocadiz.com\/#website"},"datePublished":"2025-12-10T12:28:07+00:00","dateModified":"2026-02-18T12:29:17+00:00","breadcrumb":{"@id":"https:\/\/taxidestinocadiz.com\/aviso-legal\/#breadcrumb"},"inLanguage":"en-GB","potentialAction":[{"@type":"ReadAction","target":["https:\/\/taxidestinocadiz.com\/aviso-legal\/"]}]},{"@type":"BreadcrumbList","@id":"https:\/\/taxidestinocadiz.com\/aviso-legal\/#breadcrumb","itemListElement":[{"@type":"ListItem","position":1,"name":"Portada","item":"https:\/\/taxidestinocadiz.com\/"},{"@type":"ListItem","position":2,"name":"Aviso legal"}]},{"@type":"WebSite","@id":"https:\/\/taxidestinocadiz.com\/#website","url":"https:\/\/taxidestinocadiz.com\/","name":"Taxi to Cadiz","description":"","publisher":{"@id":"https:\/\/taxidestinocadiz.com\/#organization"},"potentialAction":[{"@type":"SearchAction","target":{"@type":"EntryPoint","urlTemplate":"https:\/\/taxidestinocadiz.com\/?s={search_term_string}"},"query-input":{"@type":"PropertyValueSpecification","valueRequired":true,"valueName":"search_term_string"}}],"inLanguage":"en-GB"},{"@type":"Organization","@id":"https:\/\/taxidestinocadiz.com\/#organization","name":"Taxi to Cadiz","url":"https:\/\/taxidestinocadiz.com\/","logo":{"@type":"ImageObject","inLanguage":"en-GB","@id":"https:\/\/taxidestinocadiz.com\/#\/schema\/logo\/image\/","url":"https:\/\/taxidestinocadiz.com\/wp-content\/uploads\/2025\/12\/logo-taxi.svg","contentUrl":"https:\/\/taxidestinocadiz.com\/wp-content\/uploads\/2025\/12\/logo-taxi.svg","width":201,"height":25,"caption":"Taxi Destino C\u00e1diz"},"image":{"@id":"https:\/\/taxidestinocadiz.com\/#\/schema\/logo\/image\/"}}]}},"_links":{"self":[{"href":"https:\/\/taxidestinocadiz.com\/en\/wp-json\/wp\/v2\/pages\/20","targetHints":{"allow":["GET"]}}],"collection":[{"href":"https:\/\/taxidestinocadiz.com\/en\/wp-json\/wp\/v2\/pages"}],"about":[{"href":"https:\/\/taxidestinocadiz.com\/en\/wp-json\/wp\/v2\/types\/page"}],"author":[{"embeddable":true,"href":"https:\/\/taxidestinocadiz.com\/en\/wp-json\/wp\/v2\/users\/2"}],"replies":[{"embeddable":true,"href":"https:\/\/taxidestinocadiz.com\/en\/wp-json\/wp\/v2\/comments?post=20"}],"version-history":[{"count":10,"href":"https:\/\/taxidestinocadiz.com\/en\/wp-json\/wp\/v2\/pages\/20\/revisions"}],"predecessor-version":[{"id":451,"href":"https:\/\/taxidestinocadiz.com\/en\/wp-json\/wp\/v2\/pages\/20\/revisions\/451"}],"wp:attachment":[{"href":"https:\/\/taxidestinocadiz.com\/en\/wp-json\/wp\/v2\/media?parent=20"}],"curies":[{"name":"wp","href":"https:\/\/api.w.org\/{rel}","templated":true}]}}