{"id":203,"date":"2025-12-12T12:18:53","date_gmt":"2025-12-12T11:18:53","guid":{"rendered":"https:\/\/taxidestinocadiz.com\/?page_id=203"},"modified":"2026-02-18T11:38:04","modified_gmt":"2026-02-18T10:38:04","slug":"contacto","status":"publish","type":"page","link":"https:\/\/taxidestinocadiz.com\/en\/contacto\/","title":{"rendered":"Contact"},"content":{"rendered":"\t\t<div data-elementor-type=\"wp-page\" data-elementor-id=\"203\" class=\"elementor elementor-203\" data-elementor-post-type=\"page\">\n\t\t\t\t<div class=\"elementor-element elementor-element-94a4052 e-flex e-con-boxed e-con e-parent\" data-id=\"94a4052\" data-element_type=\"container\" data-e-type=\"container\" data-settings=\"{&quot;background_background&quot;:&quot;classic&quot;}\">\n\t\t\t\t\t<div class=\"e-con-inner\">\n\t\t\t\t<div class=\"elementor-element elementor-element-ad298d9 elementor-widget-tablet__width-inherit elementor-widget elementor-widget-heading\" data-id=\"ad298d9\" data-element_type=\"widget\" data-e-type=\"widget\" data-widget_type=\"heading.default\">\n\t\t\t\t\t<h1 class=\"elementor-heading-title elementor-size-default\">Contacta <\/h1>\t\t\t\t<\/div>\n\t\t\t\t<div class=\"elementor-element elementor-element-096f5c6 elementor-widget__width-inherit elementor-widget elementor-widget-text-editor\" data-id=\"096f5c6\" data-element_type=\"widget\" data-e-type=\"widget\" data-widget_type=\"text-editor.default\">\n\t\t\t\t\t\t\t\t\t<p><a href=\"tel:+34638528669\" target=\"_blank\" rel=\"noopener\">+34 638528669<\/a><br \/><a href=\"mailto:hola@taxidestinocadiz.com\" target=\"_blank\" rel=\"noopener\">hola@taxidestinocadiz.com<\/a><\/p>\t\t\t\t\t\t\t\t<\/div>\n\t\t<div class=\"elementor-element elementor-element-7d04f9b e-con-full e-flex e-con e-child\" data-id=\"7d04f9b\" data-element_type=\"container\" data-e-type=\"container\">\n\t\t\t\t<div class=\"elementor-element elementor-element-030d0ce elementor-widget__width-initial elementor-widget elementor-widget-image\" data-id=\"030d0ce\" data-element_type=\"widget\" data-e-type=\"widget\" data-widget_type=\"image.default\">\n\t\t\t\t\t\t\t\t\t\t\t\t\t\t\t<img fetchpriority=\"high\" decoding=\"async\" width=\"357\" height=\"272\" src=\"https:\/\/taxidestinocadiz.com\/wp-content\/uploads\/2025\/12\/img-contacto.webp\" class=\"attachment-full size-full wp-image-207\" alt=\"\" srcset=\"https:\/\/taxidestinocadiz.com\/wp-content\/uploads\/2025\/12\/img-contacto.webp 357w, https:\/\/taxidestinocadiz.com\/wp-content\/uploads\/2025\/12\/img-contacto-300x229.webp 300w\" sizes=\"(max-width: 357px) 100vw, 357px\" \/>\t\t\t\t\t\t\t\t\t\t\t\t\t\t\t<\/div>\n\t\t<div class=\"elementor-element elementor-element-2f38d4a e-con-full e-flex e-con e-child\" data-id=\"2f38d4a\" data-element_type=\"container\" data-e-type=\"container\">\n\t\t\t\t<div class=\"elementor-element elementor-element-0e974e4 elementor-widget-mobile__width-initial elementor-widget elementor-widget-text-editor\" data-id=\"0e974e4\" data-element_type=\"widget\" data-e-type=\"widget\" data-widget_type=\"text-editor.default\">\n\t\t\t\t\t\t\t\t\tPonte en contacto con nosotros y nos encargaremos de que te viaje sea facil, comodo y tranquilo.\t\t\t\t\t\t\t\t<\/div>\n\t\t\t\t<\/div>\n\t\t\t\t<\/div>\n\t\t\t\t<div class=\"elementor-element elementor-element-d927122 elementor-widget-mobile__width-initial elementor-invisible elementor-widget elementor-widget-text-editor\" data-id=\"d927122\" data-element_type=\"widget\" data-e-type=\"widget\" data-settings=\"{&quot;_animation&quot;:&quot;fadeInUp&quot;}\" data-widget_type=\"text-editor.default\">\n\t\t\t\t\t\t\t\t\t<p><strong>Todos los d\u00edas:\u00a0 \u00a0 \u00a0 \u00a0 \u00a0<\/strong>24h<\/p><p>\u00a0<\/p>\t\t\t\t\t\t\t\t<\/div>\n\t\t\t\t\t<\/div>\n\t\t\t\t<\/div>\n\t\t<div class=\"elementor-element elementor-element-8b0d9b4 e-flex e-con-boxed e-con e-parent\" data-id=\"8b0d9b4\" data-element_type=\"container\" data-e-type=\"container\" data-settings=\"{&quot;background_background&quot;:&quot;classic&quot;}\">\n\t\t\t\t\t<div class=\"e-con-inner\">\n\t\t<div class=\"elementor-element elementor-element-c33e74e e-con-full e-flex e-con e-child\" data-id=\"c33e74e\" data-element_type=\"container\" data-e-type=\"container\">\n\t\t\t\t<div class=\"elementor-element elementor-element-ca04a4e elementor-widget elementor-widget-image\" data-id=\"ca04a4e\" data-element_type=\"widget\" data-e-type=\"widget\" data-widget_type=\"image.default\">\n\t\t\t\t\t\t\t\t\t\t\t\t\t\t\t<img decoding=\"async\" width=\"554\" height=\"240\" src=\"https:\/\/taxidestinocadiz.com\/wp-content\/uploads\/2026\/02\/Taxi-Cadiz-aeropuerto.webp\" class=\"attachment-full size-full wp-image-315\" alt=\"Taxi Cadiz - aeropuerto\" srcset=\"https:\/\/taxidestinocadiz.com\/wp-content\/uploads\/2026\/02\/Taxi-Cadiz-aeropuerto.webp 554w, https:\/\/taxidestinocadiz.com\/wp-content\/uploads\/2026\/02\/Taxi-Cadiz-aeropuerto-300x130.webp 300w\" sizes=\"(max-width: 554px) 100vw, 554px\" \/>\t\t\t\t\t\t\t\t\t\t\t\t\t\t\t<\/div>\n\t\t\t\t<div class=\"elementor-element elementor-element-d199cb9 elementor-widget__width-initial elementor-invisible elementor-widget elementor-widget-heading\" data-id=\"d199cb9\" data-element_type=\"widget\" data-e-type=\"widget\" data-settings=\"{&quot;_animation&quot;:&quot;fadeIn&quot;}\" data-widget_type=\"heading.default\">\n\t\t\t\t\t<h2 class=\"elementor-heading-title elementor-size-default\">Reserva tu taxi en C\u00e1diz<\/h2>\t\t\t\t<\/div>\n\t\t\t\t<div class=\"elementor-element elementor-element-988cfd2 elementor-widget__width-initial elementor-widget elementor-widget-text-editor\" data-id=\"988cfd2\" data-element_type=\"widget\" data-e-type=\"widget\" data-widget_type=\"text-editor.default\">\n\t\t\t\t\t\t\t\t\tLl\u00e1manos ahora y asegura tu traslado al aeropuerto o ciudad cercana con precio cerrado y puntualidad garantizada.\t\t\t\t\t\t\t\t<\/div>\n\t\t\t\t<\/div>\n\t\t\t\t<div class=\"elementor-element elementor-element-b7bee3a olab-contact-form elementor-widget__width-initial elementor-button-align-stretch elementor-widget elementor-widget-form\" data-id=\"b7bee3a\" data-element_type=\"widget\" data-e-type=\"widget\" data-settings=\"{&quot;step_next_label&quot;:&quot;Siguiente&quot;,&quot;step_previous_label&quot;:&quot;Anterior&quot;,&quot;button_width&quot;:&quot;100&quot;,&quot;step_type&quot;:&quot;number_text&quot;,&quot;step_icon_shape&quot;:&quot;circle&quot;}\" data-widget_type=\"form.default\">\n\t\t\t\t\t\t\t<form class=\"elementor-form\" method=\"post\" name=\"Formulario Reserva de Taxi  - CONTACTO\" aria-label=\"Formulario Reserva de Taxi  - CONTACTO\">\n\t\t\t<input type=\"hidden\" name=\"post_id\" value=\"203\"\/>\n\t\t\t<input type=\"hidden\" name=\"form_id\" value=\"b7bee3a\"\/>\n\t\t\t<input type=\"hidden\" name=\"referer_title\" value=\"Taxi Destino C\u00e1diz\" \/>\n\n\t\t\t\n\t\t\t<div class=\"elementor-form-fields-wrapper elementor-labels-above\">\n\t\t\t\t\t\t\t\t<div class=\"elementor-field-type-text elementor-field-group elementor-column elementor-field-group-name elementor-col-100 elementor-field-required elementor-mark-required\">\n\t\t\t\t\t\t\t\t\t\t\t\t<label for=\"form-field-name\" class=\"elementor-field-label\">\n\t\t\t\t\t\t\t\tTu nombre\t\t\t\t\t\t\t<\/label>\n\t\t\t\t\t\t\t\t\t\t\t\t\t\t<input size=\"1\" type=\"text\" name=\"form_fields[name]\" id=\"form-field-name\" class=\"elementor-field elementor-size-sm  elementor-field-textual\" placeholder=\"Nombre\" required=\"required\">\n\t\t\t\t\t\t\t\t\t\t\t<\/div>\n\t\t\t\t\t\t\t\t<div class=\"elementor-field-type-email elementor-field-group elementor-column elementor-field-group-email elementor-col-100 elementor-field-required elementor-mark-required\">\n\t\t\t\t\t\t\t\t\t\t\t\t<label for=\"form-field-email\" class=\"elementor-field-label\">\n\t\t\t\t\t\t\t\tTu Mail\t\t\t\t\t\t\t<\/label>\n\t\t\t\t\t\t\t\t\t\t\t\t\t\t<input size=\"1\" type=\"email\" name=\"form_fields[email]\" id=\"form-field-email\" class=\"elementor-field elementor-size-sm  elementor-field-textual\" placeholder=\"Email\" required=\"required\">\n\t\t\t\t\t\t\t\t\t\t\t<\/div>\n\t\t\t\t\t\t\t\t<div class=\"elementor-field-type-tel elementor-field-group elementor-column elementor-field-group-field_f12bae0 elementor-col-100 elementor-field-required elementor-mark-required\">\n\t\t\t\t\t\t\t\t\t\t\t\t<label for=\"form-field-field_f12bae0\" class=\"elementor-field-label\">\n\t\t\t\t\t\t\t\tTu Tel\u00e9fono\t\t\t\t\t\t\t<\/label>\n\t\t\t\t\t\t\t\t<input size=\"1\" type=\"tel\" name=\"form_fields[field_f12bae0]\" id=\"form-field-field_f12bae0\" class=\"elementor-field elementor-size-sm  elementor-field-textual\" placeholder=\"Tel\u00e9fono\" required=\"required\" pattern=\"[0-9()#&amp;+*-=.]+\" title=\"Only numbers and phone characters (#, -, *, etc) are accepted.\">\n\n\t\t\t\t\t\t<\/div>\n\t\t\t\t\t\t\t\t<div class=\"elementor-field-type-select elementor-field-group elementor-column elementor-field-group-field_a294d46 elementor-col-100 elementor-field-required elementor-mark-required\">\n\t\t\t\t\t\t\t\t\t\t\t\t<label for=\"form-field-field_a294d46\" class=\"elementor-field-label\">\n\t\t\t\t\t\t\t\tTrayecto\t\t\t\t\t\t\t<\/label>\n\t\t\t\t\t\t\t\t<div class=\"elementor-field elementor-select-wrapper remove-before \">\n\t\t\t<div class=\"select-caret-down-wrapper\">\n\t\t\t\t<svg aria-hidden=\"true\" class=\"e-font-icon-svg e-eicon-caret-down\" viewBox=\"0 0 571.4 571.4\" xmlns=\"http:\/\/www.w3.org\/2000\/svg\"><path d=\"M571 393Q571 407 561 418L311 668Q300 679 286 679T261 668L11 418Q0 407 0 393T11 368 36 357H536Q550 357 561 368T571 393Z\"><\/path><\/svg>\t\t\t<\/div>\n\t\t\t<select name=\"form_fields[field_a294d46]\" id=\"form-field-field_a294d46\" class=\"elementor-field-textual elementor-size-sm\" required=\"required\">\n\t\t\t\t\t\t\t\t\t<option value=\" C\u00e1diz otro destino\">C\u00e1diz - Otro destino <\/option>\n\t\t\t\t\t\t\t\t\t<option value=\" C\u00e1diz - Sevilla\">C\u00e1diz - Sevilla <\/option>\n\t\t\t\t\t\t\t\t\t<option value=\" C\u00e1diz - M\u00e1laga\">C\u00e1diz - M\u00e1laga <\/option>\n\t\t\t\t\t\t\t\t\t<option value=\" C\u00e1diz - Jerez de la Frontera\">C\u00e1diz - Jerez de la Frontera <\/option>\n\t\t\t\t\t\t\t\t\t<option value=\" C\u00e1diz - Aeropuerto Sevilla\">C\u00e1diz - Aeropuerto Sevilla <\/option>\n\t\t\t\t\t\t\t\t\t<option value=\" C\u00e1diz - Aeropuerto M\u00e1laga\">C\u00e1diz - Aeropuerto M\u00e1laga <\/option>\n\t\t\t\t\t\t\t\t\t<option value=\" C\u00e1diz - Aeropuerto de Jerez\">C\u00e1diz - Aeropuerto de Jerez <\/option>\n\t\t\t\t\t\t\t<\/select>\n\t\t<\/div>\n\t\t\t\t\t\t<\/div>\n\t\t\t\t\t\t\t\t<div class=\"elementor-field-type-text\">\n\t\t\t\t\t<input size=\"1\" type=\"text\" name=\"form_fields[field_8ad274f]\" id=\"form-field-field_8ad274f\" class=\"elementor-field elementor-size-sm \" style=\"display:none !important;\">\t\t\t\t<\/div>\n\t\t\t\t\t\t\t\t<div class=\"elementor-field-type-acceptance elementor-field-group elementor-column elementor-field-group-field_6e21b72 elementor-col-100\">\n\t\t\t\t\t\t\t<div class=\"elementor-field-subgroup\">\n\t\t\t<span class=\"elementor-field-option\">\n\t\t\t\t<input type=\"checkbox\" name=\"form_fields[field_6e21b72]\" id=\"form-field-field_6e21b72\" class=\"elementor-field elementor-size-sm  elementor-acceptance-field\">\n\t\t\t\t<label for=\"form-field-field_6e21b72\">Acepto la <a style=\"font-weight: 700; text-decoration: underline;\" href=\"\/politica-privacidad\">pol\u00edtica de privacidad<\/a><\/label>\t\t\t<\/span>\n\t\t<\/div>\n\t\t\t\t\t\t<\/div>\n\t\t\t\t\t\t\t\t<div class=\"elementor-field-type-recaptcha_v3 elementor-field-group elementor-column elementor-field-group-field_b89f123 elementor-col-100 recaptcha_v3-bottomleft\">\n\t\t\t\t\t<div class=\"elementor-field\" id=\"form-field-field_b89f123\"><div class=\"elementor-g-recaptcha\" data-sitekey=\"6LeNdCgsAAAAAJeeBDpu26-wbbv5ymZWqzoj6fh-\" data-type=\"v3\" data-action=\"Form\" data-badge=\"bottomleft\" data-size=\"invisible\"><\/div><\/div>\t\t\t\t<\/div>\n\t\t\t\t\t\t\t\t<div class=\"elementor-field-group elementor-column elementor-field-type-submit elementor-col-100 e-form__buttons\">\n\t\t\t\t\t<button class=\"elementor-button elementor-size-md\" type=\"submit\">\n\t\t\t\t\t\t<span class=\"elementor-button-content-wrapper\">\n\t\t\t\t\t\t\t\t\t\t\t\t\t\t\t\t\t\t\t\t\t\t<span class=\"elementor-button-text\">Reserva taxi<\/span>\n\t\t\t\t\t\t\t\t\t\t\t\t\t<\/span>\n\t\t\t\t\t<\/button>\n\t\t\t\t<\/div>\n\t\t\t<\/div>\n\t\t<\/form>\n\t\t\t\t\t\t<\/div>\n\t\t\t\t\t<\/div>\n\t\t\t\t<\/div>\n\t\t\t\t<\/div>\n\t\t","protected":false},"excerpt":{"rendered":"<p>Contact us at +34 638528669 or hola@taxidestinocadiz.com. Get in touch and we&#039;ll make sure your trip is easy, comfortable, and stress-free. Available 24\/7. Book your taxi in Cadiz. Call us now and secure your transfer to the airport or a nearby city with a fixed price and guaranteed punctuality.<\/p>","protected":false},"author":2,"featured_media":0,"parent":0,"menu_order":0,"comment_status":"closed","ping_status":"closed","template":"","meta":{"footnotes":""},"class_list":["post-203","page","type-page","status-publish","hentry"],"yoast_head":"<!-- This site is optimized with the Yoast SEO plugin v27.4 - https:\/\/yoast.com\/product\/yoast-seo-wordpress\/ -->\n<title>Contacto taxi en C\u00e1diz | Tel\u00e9fono y reservas 24h - Taxi Destino C\u00e1diz<\/title>\n<meta name=\"description\" content=\"Contacto taxi en C\u00e1diz 24h: llama, escribe por WhatsApp o env\u00eda tu reserva online. Confirmaci\u00f3n r\u00e1pida y servicio puntual.\" \/>\n<meta name=\"robots\" content=\"index, follow, max-snippet:-1, max-image-preview:large, max-video-preview:-1\" \/>\n<link rel=\"canonical\" href=\"https:\/\/taxidestinocadiz.com\/en\/contacto\/\" \/>\n<meta property=\"og:locale\" content=\"en_GB\" \/>\n<meta property=\"og:type\" content=\"article\" \/>\n<meta property=\"og:title\" content=\"Contacto taxi en C\u00e1diz | Tel\u00e9fono y reservas 24h - Taxi Destino C\u00e1diz\" \/>\n<meta property=\"og:description\" content=\"Contacto taxi en C\u00e1diz 24h: llama, escribe por WhatsApp o env\u00eda tu reserva online. Confirmaci\u00f3n r\u00e1pida y servicio puntual.\" \/>\n<meta property=\"og:url\" content=\"https:\/\/taxidestinocadiz.com\/en\/contacto\/\" \/>\n<meta property=\"og:site_name\" content=\"Taxi Destino C\u00e1diz\" \/>\n<meta property=\"article:modified_time\" content=\"2026-02-18T10:38:04+00:00\" \/>\n<meta property=\"og:image\" content=\"https:\/\/taxidestinocadiz.com\/wp-content\/uploads\/2025\/12\/img-contacto.webp\" \/>\n\t<meta property=\"og:image:width\" content=\"357\" \/>\n\t<meta property=\"og:image:height\" content=\"272\" \/>\n\t<meta property=\"og:image:type\" content=\"image\/webp\" \/>\n<meta name=\"twitter:card\" content=\"summary_large_image\" \/>\n<meta name=\"twitter:label1\" content=\"Estimated reading time\" \/>\n\t<meta name=\"twitter:data1\" content=\"1 minute\" \/>\n<script type=\"application\/ld+json\" class=\"yoast-schema-graph\">{\"@context\":\"https:\\\/\\\/schema.org\",\"@graph\":[{\"@type\":\"WebPage\",\"@id\":\"https:\\\/\\\/taxidestinocadiz.com\\\/contacto\\\/\",\"url\":\"https:\\\/\\\/taxidestinocadiz.com\\\/contacto\\\/\",\"name\":\"Contacto taxi en C\u00e1diz | Tel\u00e9fono y reservas 24h - Taxi Destino C\u00e1diz\",\"isPartOf\":{\"@id\":\"https:\\\/\\\/taxidestinocadiz.com\\\/#website\"},\"primaryImageOfPage\":{\"@id\":\"https:\\\/\\\/taxidestinocadiz.com\\\/contacto\\\/#primaryimage\"},\"image\":{\"@id\":\"https:\\\/\\\/taxidestinocadiz.com\\\/contacto\\\/#primaryimage\"},\"thumbnailUrl\":\"https:\\\/\\\/taxidestinocadiz.com\\\/wp-content\\\/uploads\\\/2025\\\/12\\\/img-contacto.webp\",\"datePublished\":\"2025-12-12T11:18:53+00:00\",\"dateModified\":\"2026-02-18T10:38:04+00:00\",\"description\":\"Contacto taxi en C\u00e1diz 24h: llama, escribe por WhatsApp o env\u00eda tu reserva online. Confirmaci\u00f3n r\u00e1pida y servicio puntual.\",\"breadcrumb\":{\"@id\":\"https:\\\/\\\/taxidestinocadiz.com\\\/contacto\\\/#breadcrumb\"},\"inLanguage\":\"en-GB\",\"potentialAction\":[{\"@type\":\"ReadAction\",\"target\":[\"https:\\\/\\\/taxidestinocadiz.com\\\/contacto\\\/\"]}]},{\"@type\":\"ImageObject\",\"inLanguage\":\"en-GB\",\"@id\":\"https:\\\/\\\/taxidestinocadiz.com\\\/contacto\\\/#primaryimage\",\"url\":\"https:\\\/\\\/taxidestinocadiz.com\\\/wp-content\\\/uploads\\\/2025\\\/12\\\/img-contacto.webp\",\"contentUrl\":\"https:\\\/\\\/taxidestinocadiz.com\\\/wp-content\\\/uploads\\\/2025\\\/12\\\/img-contacto.webp\"},{\"@type\":\"BreadcrumbList\",\"@id\":\"https:\\\/\\\/taxidestinocadiz.com\\\/contacto\\\/#breadcrumb\",\"itemListElement\":[{\"@type\":\"ListItem\",\"position\":1,\"name\":\"Portada\",\"item\":\"https:\\\/\\\/taxidestinocadiz.com\\\/\"},{\"@type\":\"ListItem\",\"position\":2,\"name\":\"Contacto\"}]},{\"@type\":\"WebSite\",\"@id\":\"https:\\\/\\\/taxidestinocadiz.com\\\/#website\",\"url\":\"https:\\\/\\\/taxidestinocadiz.com\\\/\",\"name\":\"Taxi Destino C\u00e1diz\",\"description\":\"\",\"publisher\":{\"@id\":\"https:\\\/\\\/taxidestinocadiz.com\\\/#organization\"},\"potentialAction\":[{\"@type\":\"SearchAction\",\"target\":{\"@type\":\"EntryPoint\",\"urlTemplate\":\"https:\\\/\\\/taxidestinocadiz.com\\\/?s={search_term_string}\"},\"query-input\":{\"@type\":\"PropertyValueSpecification\",\"valueRequired\":true,\"valueName\":\"search_term_string\"}}],\"inLanguage\":\"en-GB\"},{\"@type\":\"Organization\",\"@id\":\"https:\\\/\\\/taxidestinocadiz.com\\\/#organization\",\"name\":\"Taxi Destino C\u00e1diz\",\"url\":\"https:\\\/\\\/taxidestinocadiz.com\\\/\",\"logo\":{\"@type\":\"ImageObject\",\"inLanguage\":\"en-GB\",\"@id\":\"https:\\\/\\\/taxidestinocadiz.com\\\/#\\\/schema\\\/logo\\\/image\\\/\",\"url\":\"https:\\\/\\\/taxidestinocadiz.com\\\/wp-content\\\/uploads\\\/2025\\\/12\\\/logo-taxi.svg\",\"contentUrl\":\"https:\\\/\\\/taxidestinocadiz.com\\\/wp-content\\\/uploads\\\/2025\\\/12\\\/logo-taxi.svg\",\"width\":201,\"height\":25,\"caption\":\"Taxi Destino C\u00e1diz\"},\"image\":{\"@id\":\"https:\\\/\\\/taxidestinocadiz.com\\\/#\\\/schema\\\/logo\\\/image\\\/\"}}]}<\/script>\n<!-- \/ Yoast SEO plugin. -->","yoast_head_json":{"title":"Contact taxis in Cadiz | 24-hour phone and booking service - Taxi Destino Cadiz","description":"24-hour taxi service in C\u00e1diz: call, message via WhatsApp, or book online. Fast confirmation and punctual service.","robots":{"index":"index","follow":"follow","max-snippet":"max-snippet:-1","max-image-preview":"max-image-preview:large","max-video-preview":"max-video-preview:-1"},"canonical":"https:\/\/taxidestinocadiz.com\/en\/contacto\/","og_locale":"en_GB","og_type":"article","og_title":"Contacto taxi en C\u00e1diz | Tel\u00e9fono y reservas 24h - Taxi Destino C\u00e1diz","og_description":"Contacto taxi en C\u00e1diz 24h: llama, escribe por WhatsApp o env\u00eda tu reserva online. Confirmaci\u00f3n r\u00e1pida y servicio puntual.","og_url":"https:\/\/taxidestinocadiz.com\/en\/contacto\/","og_site_name":"Taxi Destino C\u00e1diz","article_modified_time":"2026-02-18T10:38:04+00:00","og_image":[{"width":357,"height":272,"url":"https:\/\/taxidestinocadiz.com\/wp-content\/uploads\/2025\/12\/img-contacto.webp","type":"image\/webp"}],"twitter_card":"summary_large_image","twitter_misc":{"Estimated reading time":"1 minute"},"schema":{"@context":"https:\/\/schema.org","@graph":[{"@type":"WebPage","@id":"https:\/\/taxidestinocadiz.com\/contacto\/","url":"https:\/\/taxidestinocadiz.com\/contacto\/","name":"Contact taxis in Cadiz | 24-hour phone and booking service - Taxi Destino Cadiz","isPartOf":{"@id":"https:\/\/taxidestinocadiz.com\/#website"},"primaryImageOfPage":{"@id":"https:\/\/taxidestinocadiz.com\/contacto\/#primaryimage"},"image":{"@id":"https:\/\/taxidestinocadiz.com\/contacto\/#primaryimage"},"thumbnailUrl":"https:\/\/taxidestinocadiz.com\/wp-content\/uploads\/2025\/12\/img-contacto.webp","datePublished":"2025-12-12T11:18:53+00:00","dateModified":"2026-02-18T10:38:04+00:00","description":"24-hour taxi service in C\u00e1diz: call, message via WhatsApp, or book online. Fast confirmation and punctual service.","breadcrumb":{"@id":"https:\/\/taxidestinocadiz.com\/contacto\/#breadcrumb"},"inLanguage":"en-GB","potentialAction":[{"@type":"ReadAction","target":["https:\/\/taxidestinocadiz.com\/contacto\/"]}]},{"@type":"ImageObject","inLanguage":"en-GB","@id":"https:\/\/taxidestinocadiz.com\/contacto\/#primaryimage","url":"https:\/\/taxidestinocadiz.com\/wp-content\/uploads\/2025\/12\/img-contacto.webp","contentUrl":"https:\/\/taxidestinocadiz.com\/wp-content\/uploads\/2025\/12\/img-contacto.webp"},{"@type":"BreadcrumbList","@id":"https:\/\/taxidestinocadiz.com\/contacto\/#breadcrumb","itemListElement":[{"@type":"ListItem","position":1,"name":"Portada","item":"https:\/\/taxidestinocadiz.com\/"},{"@type":"ListItem","position":2,"name":"Contacto"}]},{"@type":"WebSite","@id":"https:\/\/taxidestinocadiz.com\/#website","url":"https:\/\/taxidestinocadiz.com\/","name":"Taxi to Cadiz","description":"","publisher":{"@id":"https:\/\/taxidestinocadiz.com\/#organization"},"potentialAction":[{"@type":"SearchAction","target":{"@type":"EntryPoint","urlTemplate":"https:\/\/taxidestinocadiz.com\/?s={search_term_string}"},"query-input":{"@type":"PropertyValueSpecification","valueRequired":true,"valueName":"search_term_string"}}],"inLanguage":"en-GB"},{"@type":"Organization","@id":"https:\/\/taxidestinocadiz.com\/#organization","name":"Taxi to Cadiz","url":"https:\/\/taxidestinocadiz.com\/","logo":{"@type":"ImageObject","inLanguage":"en-GB","@id":"https:\/\/taxidestinocadiz.com\/#\/schema\/logo\/image\/","url":"https:\/\/taxidestinocadiz.com\/wp-content\/uploads\/2025\/12\/logo-taxi.svg","contentUrl":"https:\/\/taxidestinocadiz.com\/wp-content\/uploads\/2025\/12\/logo-taxi.svg","width":201,"height":25,"caption":"Taxi Destino C\u00e1diz"},"image":{"@id":"https:\/\/taxidestinocadiz.com\/#\/schema\/logo\/image\/"}}]}},"_links":{"self":[{"href":"https:\/\/taxidestinocadiz.com\/en\/wp-json\/wp\/v2\/pages\/203","targetHints":{"allow":["GET"]}}],"collection":[{"href":"https:\/\/taxidestinocadiz.com\/en\/wp-json\/wp\/v2\/pages"}],"about":[{"href":"https:\/\/taxidestinocadiz.com\/en\/wp-json\/wp\/v2\/types\/page"}],"author":[{"embeddable":true,"href":"https:\/\/taxidestinocadiz.com\/en\/wp-json\/wp\/v2\/users\/2"}],"replies":[{"embeddable":true,"href":"https:\/\/taxidestinocadiz.com\/en\/wp-json\/wp\/v2\/comments?post=203"}],"version-history":[{"count":16,"href":"https:\/\/taxidestinocadiz.com\/en\/wp-json\/wp\/v2\/pages\/203\/revisions"}],"predecessor-version":[{"id":419,"href":"https:\/\/taxidestinocadiz.com\/en\/wp-json\/wp\/v2\/pages\/203\/revisions\/419"}],"wp:attachment":[{"href":"https:\/\/taxidestinocadiz.com\/en\/wp-json\/wp\/v2\/media?parent=203"}],"curies":[{"name":"wp","href":"https:\/\/api.w.org\/{rel}","templated":true}]}}