{"id":347,"date":"2026-02-13T14:07:21","date_gmt":"2026-02-13T13:07:21","guid":{"rendered":"https:\/\/taxidestinocadiz.com\/?page_id=347"},"modified":"2026-02-13T15:06:48","modified_gmt":"2026-02-13T14:06:48","slug":"taxi-cadiz-premium","status":"publish","type":"page","link":"https:\/\/taxidestinocadiz.com\/en\/taxi-cadiz-premium\/","title":{"rendered":"Premium Taxi C\u00e1diz"},"content":{"rendered":"\t\t<div data-elementor-type=\"wp-page\" data-elementor-id=\"347\" class=\"elementor elementor-347\" data-elementor-post-type=\"page\">\n\t\t\t\t<div class=\"elementor-element elementor-element-39b1279 e-con-full olab-portada e-flex e-con e-parent\" data-id=\"39b1279\" data-element_type=\"container\" data-e-type=\"container\" data-settings=\"{&quot;background_background&quot;:&quot;classic&quot;}\">\n\t\t<div class=\"elementor-element elementor-element-925642e taxi-tabs-sticky e-flex e-con-boxed e-con e-child\" data-id=\"925642e\" data-element_type=\"container\" data-e-type=\"container\">\n\t\t\t\t\t<div class=\"e-con-inner\">\n\t\t<div class=\"elementor-element elementor-element-1423c97 e-con-full e-flex e-con e-child\" data-id=\"1423c97\" data-element_type=\"container\" data-e-type=\"container\" data-settings=\"{&quot;background_background&quot;:&quot;classic&quot;}\">\n\t\t\t\t<div class=\"elementor-element elementor-element-247aed0 olab-title-highligh elementor-widget elementor-widget-heading\" data-id=\"247aed0\" data-element_type=\"widget\" data-e-type=\"widget\" data-widget_type=\"heading.default\">\n\t\t\t\t\t<h1 class=\"elementor-heading-title elementor-size-default\"><span>Taxi Premium<\/span> \u2013 Reserva tu taxi en C\u00e1diz<\/h1>\t\t\t\t<\/div>\n\t\t\t\t<div class=\"elementor-element elementor-element-7eba4ad elementor-widget elementor-widget-text-editor\" data-id=\"7eba4ad\" data-element_type=\"widget\" data-e-type=\"widget\" data-widget_type=\"text-editor.default\">\n\t\t\t\t\t\t\t\t\t<p>Puntualidad garantizada, pago con tarjeta y confort.<\/p>\t\t\t\t\t\t\t\t<\/div>\n\t\t\t\t<div class=\"elementor-element elementor-element-3e9b743 olab-contact-form elementor-widget__width-initial elementor-button-align-stretch elementor-widget elementor-widget-form\" data-id=\"3e9b743\" data-element_type=\"widget\" data-e-type=\"widget\" data-settings=\"{&quot;step_next_label&quot;:&quot;Siguiente&quot;,&quot;step_previous_label&quot;:&quot;Anterior&quot;,&quot;button_width&quot;:&quot;100&quot;,&quot;step_type&quot;:&quot;number_text&quot;,&quot;step_icon_shape&quot;:&quot;circle&quot;}\" data-widget_type=\"form.default\">\n\t\t\t\t\t\t\t<form class=\"elementor-form\" method=\"post\" name=\"Reserva de taxi - PREMIUM\" aria-label=\"Reserva de taxi - PREMIUM\">\n\t\t\t<input type=\"hidden\" name=\"post_id\" value=\"347\"\/>\n\t\t\t<input type=\"hidden\" name=\"form_id\" value=\"3e9b743\"\/>\n\t\t\t<input type=\"hidden\" name=\"referer_title\" value=\"Taxi Destino C\u00e1diz\" \/>\n\n\t\t\t\n\t\t\t<div class=\"elementor-form-fields-wrapper elementor-labels-above\">\n\t\t\t\t\t\t\t\t<div class=\"elementor-field-type-text elementor-field-group elementor-column elementor-field-group-name elementor-col-100 elementor-field-required elementor-mark-required\">\n\t\t\t\t\t\t\t\t\t\t\t\t<label for=\"form-field-name\" class=\"elementor-field-label\">\n\t\t\t\t\t\t\t\tTu nombre\t\t\t\t\t\t\t<\/label>\n\t\t\t\t\t\t\t\t\t\t\t\t\t\t<input size=\"1\" type=\"text\" name=\"form_fields[name]\" id=\"form-field-name\" class=\"elementor-field elementor-size-sm  elementor-field-textual\" placeholder=\"Nombre\" required=\"required\">\n\t\t\t\t\t\t\t\t\t\t\t<\/div>\n\t\t\t\t\t\t\t\t<div class=\"elementor-field-type-tel elementor-field-group elementor-column elementor-field-group-field_f12bae0 elementor-col-100 elementor-field-required elementor-mark-required\">\n\t\t\t\t\t\t\t\t\t\t\t\t<label for=\"form-field-field_f12bae0\" class=\"elementor-field-label\">\n\t\t\t\t\t\t\t\tTu Tel\u00e9fono\t\t\t\t\t\t\t<\/label>\n\t\t\t\t\t\t\t\t<input size=\"1\" type=\"tel\" name=\"form_fields[field_f12bae0]\" id=\"form-field-field_f12bae0\" class=\"elementor-field elementor-size-sm  elementor-field-textual\" placeholder=\"Tel\u00e9fono\" required=\"required\" pattern=\"[0-9()#&amp;+*-=.]+\" title=\"Only numbers and phone characters (#, -, *, etc) are accepted.\">\n\n\t\t\t\t\t\t<\/div>\n\t\t\t\t\t\t\t\t<div class=\"elementor-field-type-select elementor-field-group elementor-column elementor-field-group-field_a294d46 elementor-col-100 elementor-field-required elementor-mark-required\">\n\t\t\t\t\t\t\t\t\t\t\t\t<label for=\"form-field-field_a294d46\" class=\"elementor-field-label\">\n\t\t\t\t\t\t\t\tTrayecto\t\t\t\t\t\t\t<\/label>\n\t\t\t\t\t\t\t\t<div class=\"elementor-field elementor-select-wrapper remove-before \">\n\t\t\t<div class=\"select-caret-down-wrapper\">\n\t\t\t\t<svg aria-hidden=\"true\" class=\"e-font-icon-svg e-eicon-caret-down\" viewBox=\"0 0 571.4 571.4\" xmlns=\"http:\/\/www.w3.org\/2000\/svg\"><path d=\"M571 393Q571 407 561 418L311 668Q300 679 286 679T261 668L11 418Q0 407 0 393T11 368 36 357H536Q550 357 561 368T571 393Z\"><\/path><\/svg>\t\t\t<\/div>\n\t\t\t<select name=\"form_fields[field_a294d46]\" id=\"form-field-field_a294d46\" class=\"elementor-field-textual elementor-size-sm\" required=\"required\">\n\t\t\t\t\t\t\t\t\t<option value=\" C\u00e1diz otro destino\">C\u00e1diz - Otro destino <\/option>\n\t\t\t\t\t\t\t\t\t<option value=\" C\u00e1diz - Sevilla\">C\u00e1diz - Sevilla <\/option>\n\t\t\t\t\t\t\t\t\t<option value=\" C\u00e1diz - M\u00e1laga\">C\u00e1diz - M\u00e1laga <\/option>\n\t\t\t\t\t\t\t\t\t<option value=\" C\u00e1diz - Jerez de la Frontera\">C\u00e1diz - Jerez de la Frontera <\/option>\n\t\t\t\t\t\t\t\t\t<option value=\" C\u00e1diz - Aeropuerto Sevilla\">C\u00e1diz - Aeropuerto Sevilla <\/option>\n\t\t\t\t\t\t\t\t\t<option value=\" C\u00e1diz - Aeropuerto M\u00e1laga\">C\u00e1diz - Aeropuerto M\u00e1laga <\/option>\n\t\t\t\t\t\t\t\t\t<option value=\" C\u00e1diz - Aeropuerto de Jerez\">C\u00e1diz - Aeropuerto de Jerez <\/option>\n\t\t\t\t\t\t\t<\/select>\n\t\t<\/div>\n\t\t\t\t\t\t<\/div>\n\t\t\t\t\t\t\t\t<div class=\"elementor-field-type-select elementor-field-group elementor-column elementor-field-group-field_9c267d4 elementor-col-100\">\n\t\t\t\t\t\t\t\t\t\t\t\t<label for=\"form-field-field_9c267d4\" class=\"elementor-field-label\">\n\t\t\t\t\t\t\t\t\u00bfCu\u00e1ntas personas viajar\u00e9is?\t\t\t\t\t\t\t<\/label>\n\t\t\t\t\t\t\t\t<div class=\"elementor-field elementor-select-wrapper remove-before \">\n\t\t\t<div class=\"select-caret-down-wrapper\">\n\t\t\t\t<svg aria-hidden=\"true\" class=\"e-font-icon-svg e-eicon-caret-down\" viewBox=\"0 0 571.4 571.4\" xmlns=\"http:\/\/www.w3.org\/2000\/svg\"><path d=\"M571 393Q571 407 561 418L311 668Q300 679 286 679T261 668L11 418Q0 407 0 393T11 368 36 357H536Q550 357 561 368T571 393Z\"><\/path><\/svg>\t\t\t<\/div>\n\t\t\t<select name=\"form_fields[field_9c267d4]\" id=\"form-field-field_9c267d4\" class=\"elementor-field-textual elementor-size-sm\">\n\t\t\t\t\t\t\t\t\t<option value=\" 4 personas\">4 personas <\/option>\n\t\t\t\t\t\t\t\t\t<option value=\" 5 personas\">5 personas <\/option>\n\t\t\t\t\t\t\t\t\t<option value=\" 6 personas\">6 personas <\/option>\n\t\t\t\t\t\t\t\t\t<option value=\" 7 personas\">7 personas <\/option>\n\t\t\t\t\t\t\t\t\t<option value=\" 8 personas\">8 personas <\/option>\n\t\t\t\t\t\t\t\t\t<option value=\"\"><\/option>\n\t\t\t\t\t\t\t<\/select>\n\t\t<\/div>\n\t\t\t\t\t\t<\/div>\n\t\t\t\t\t\t\t\t<div class=\"elementor-field-type-date elementor-field-group elementor-column elementor-field-group-field_105358e elementor-col-100 elementor-field-required elementor-mark-required\">\n\t\t\t\t\t\t\t\t\t\t\t\t<label for=\"form-field-field_105358e\" class=\"elementor-field-label\">\n\t\t\t\t\t\t\t\t\u00bfQu\u00e9 fecha?\t\t\t\t\t\t\t<\/label>\n\t\t\t\t\t\t\n\t\t<input type=\"date\" name=\"form_fields[field_105358e]\" id=\"form-field-field_105358e\" class=\"elementor-field elementor-size-sm  elementor-field-textual elementor-date-field\" placeholder=\"00\/00\/0000\" required=\"required\" pattern=\"[0-9]{4}-[0-9]{2}-[0-9]{2}\">\n\t\t\t\t\t\t<\/div>\n\t\t\t\t\t\t\t\t<div class=\"elementor-field-type-text\">\n\t\t\t\t\t<input size=\"1\" type=\"text\" name=\"form_fields[field_8ad274f]\" id=\"form-field-field_8ad274f\" class=\"elementor-field elementor-size-sm \" style=\"display:none !important;\">\t\t\t\t<\/div>\n\t\t\t\t\t\t\t\t<div class=\"elementor-field-type-acceptance elementor-field-group elementor-column elementor-field-group-field_6e21b72 elementor-col-100\">\n\t\t\t\t\t\t\t<div class=\"elementor-field-subgroup\">\n\t\t\t<span class=\"elementor-field-option\">\n\t\t\t\t<input type=\"checkbox\" name=\"form_fields[field_6e21b72]\" id=\"form-field-field_6e21b72\" class=\"elementor-field elementor-size-sm  elementor-acceptance-field\">\n\t\t\t\t<label for=\"form-field-field_6e21b72\">Acepto la <a style=\"font-weight: 700; text-decoration: underline;\" href=\"\/politica-privacidad\">pol\u00edtica de privacidad<\/a><\/label>\t\t\t<\/span>\n\t\t<\/div>\n\t\t\t\t\t\t<\/div>\n\t\t\t\t\t\t\t\t<div class=\"elementor-field-type-recaptcha_v3 elementor-field-group elementor-column elementor-field-group-field_b89f123 elementor-col-100 recaptcha_v3-bottomleft\">\n\t\t\t\t\t<div class=\"elementor-field\" id=\"form-field-field_b89f123\"><div class=\"elementor-g-recaptcha\" data-sitekey=\"6LeNdCgsAAAAAJeeBDpu26-wbbv5ymZWqzoj6fh-\" data-type=\"v3\" data-action=\"Form\" data-badge=\"bottomleft\" data-size=\"invisible\"><\/div><\/div>\t\t\t\t<\/div>\n\t\t\t\t\t\t\t\t<div class=\"elementor-field-group elementor-column elementor-field-type-submit elementor-col-100 e-form__buttons\">\n\t\t\t\t\t<button class=\"elementor-button elementor-size-md\" type=\"submit\">\n\t\t\t\t\t\t<span class=\"elementor-button-content-wrapper\">\n\t\t\t\t\t\t\t\t\t\t\t\t\t\t\t\t\t\t\t\t\t\t<span class=\"elementor-button-text\">Reserva taxi<\/span>\n\t\t\t\t\t\t\t\t\t\t\t\t\t<\/span>\n\t\t\t\t\t<\/button>\n\t\t\t\t<\/div>\n\t\t\t<\/div>\n\t\t<\/form>\n\t\t\t\t\t\t<\/div>\n\t\t\t\t<\/div>\n\t\t\t\t\t<\/div>\n\t\t\t\t<\/div>\n\t\t\t\t<\/div>\n\t\t\t\t<\/div>\n\t\t","protected":false},"excerpt":{"rendered":"<p>Premium Taxi \u2013 Book your taxi in Cadiz. Punctuality guaranteed, card payment and comfort.<\/p>","protected":false},"author":3,"featured_media":360,"parent":0,"menu_order":0,"comment_status":"closed","ping_status":"closed","template":"","meta":{"footnotes":""},"class_list":["post-347","page","type-page","status-publish","has-post-thumbnail","hentry"],"yoast_head":"<!-- This site is optimized with the Yoast SEO plugin v27.4 - https:\/\/yoast.com\/product\/yoast-seo-wordpress\/ -->\n<title>Taxi Premium en C\u00e1diz | Reserva Taxi 24h - Taxi Destino C\u00e1diz<\/title>\n<meta name=\"description\" content=\"Reserva tu taxi premium en C\u00e1diz de forma r\u00e1pida y segura. Servicio 24h, conductores profesionales, pago con tarjeta y m\u00e1xima comodidad.\" \/>\n<meta name=\"robots\" content=\"index, follow, max-snippet:-1, max-image-preview:large, max-video-preview:-1\" \/>\n<link rel=\"canonical\" href=\"https:\/\/taxidestinocadiz.com\/en\/taxi-cadiz-premium\/\" \/>\n<meta property=\"og:locale\" content=\"en_GB\" \/>\n<meta property=\"og:type\" content=\"article\" \/>\n<meta property=\"og:title\" content=\"Taxi Premium en C\u00e1diz | Reserva Taxi 24h - Taxi Destino C\u00e1diz\" \/>\n<meta property=\"og:description\" content=\"Reserva tu taxi premium en C\u00e1diz de forma r\u00e1pida y segura. Servicio 24h, conductores profesionales, pago con tarjeta y m\u00e1xima comodidad.\" \/>\n<meta property=\"og:url\" content=\"https:\/\/taxidestinocadiz.com\/en\/taxi-cadiz-premium\/\" \/>\n<meta property=\"og:site_name\" content=\"Taxi Destino C\u00e1diz\" \/>\n<meta property=\"article:modified_time\" content=\"2026-02-13T14:06:48+00:00\" \/>\n<meta property=\"og:image\" content=\"https:\/\/taxidestinocadiz.com\/wp-content\/uploads\/2026\/02\/taxi-premium-cadiz.webp\" \/>\n\t<meta property=\"og:image:width\" content=\"1486\" \/>\n\t<meta property=\"og:image:height\" content=\"996\" \/>\n\t<meta property=\"og:image:type\" content=\"image\/webp\" \/>\n<meta name=\"twitter:card\" content=\"summary_large_image\" \/>\n<meta name=\"twitter:label1\" content=\"Estimated reading time\" \/>\n\t<meta name=\"twitter:data1\" content=\"1 minute\" \/>\n<script type=\"application\/ld+json\" class=\"yoast-schema-graph\">{\"@context\":\"https:\\\/\\\/schema.org\",\"@graph\":[{\"@type\":\"WebPage\",\"@id\":\"https:\\\/\\\/taxidestinocadiz.com\\\/taxi-cadiz-premium\\\/\",\"url\":\"https:\\\/\\\/taxidestinocadiz.com\\\/taxi-cadiz-premium\\\/\",\"name\":\"Taxi Premium en C\u00e1diz | Reserva Taxi 24h - Taxi Destino C\u00e1diz\",\"isPartOf\":{\"@id\":\"https:\\\/\\\/taxidestinocadiz.com\\\/#website\"},\"primaryImageOfPage\":{\"@id\":\"https:\\\/\\\/taxidestinocadiz.com\\\/taxi-cadiz-premium\\\/#primaryimage\"},\"image\":{\"@id\":\"https:\\\/\\\/taxidestinocadiz.com\\\/taxi-cadiz-premium\\\/#primaryimage\"},\"thumbnailUrl\":\"https:\\\/\\\/taxidestinocadiz.com\\\/wp-content\\\/uploads\\\/2026\\\/02\\\/taxi-premium-cadiz.webp\",\"datePublished\":\"2026-02-13T13:07:21+00:00\",\"dateModified\":\"2026-02-13T14:06:48+00:00\",\"description\":\"Reserva tu taxi premium en C\u00e1diz de forma r\u00e1pida y segura. Servicio 24h, conductores profesionales, pago con tarjeta y m\u00e1xima comodidad.\",\"breadcrumb\":{\"@id\":\"https:\\\/\\\/taxidestinocadiz.com\\\/taxi-cadiz-premium\\\/#breadcrumb\"},\"inLanguage\":\"en-GB\",\"potentialAction\":[{\"@type\":\"ReadAction\",\"target\":[\"https:\\\/\\\/taxidestinocadiz.com\\\/taxi-cadiz-premium\\\/\"]}]},{\"@type\":\"ImageObject\",\"inLanguage\":\"en-GB\",\"@id\":\"https:\\\/\\\/taxidestinocadiz.com\\\/taxi-cadiz-premium\\\/#primaryimage\",\"url\":\"https:\\\/\\\/taxidestinocadiz.com\\\/wp-content\\\/uploads\\\/2026\\\/02\\\/taxi-premium-cadiz.webp\",\"contentUrl\":\"https:\\\/\\\/taxidestinocadiz.com\\\/wp-content\\\/uploads\\\/2026\\\/02\\\/taxi-premium-cadiz.webp\",\"width\":1486,\"height\":996,\"caption\":\"taxi premium en c\u00e1diz\"},{\"@type\":\"BreadcrumbList\",\"@id\":\"https:\\\/\\\/taxidestinocadiz.com\\\/taxi-cadiz-premium\\\/#breadcrumb\",\"itemListElement\":[{\"@type\":\"ListItem\",\"position\":1,\"name\":\"Portada\",\"item\":\"https:\\\/\\\/taxidestinocadiz.com\\\/\"},{\"@type\":\"ListItem\",\"position\":2,\"name\":\"Taxi C\u00e1diz Premium\"}]},{\"@type\":\"WebSite\",\"@id\":\"https:\\\/\\\/taxidestinocadiz.com\\\/#website\",\"url\":\"https:\\\/\\\/taxidestinocadiz.com\\\/\",\"name\":\"Taxi Destino C\u00e1diz\",\"description\":\"\",\"publisher\":{\"@id\":\"https:\\\/\\\/taxidestinocadiz.com\\\/#organization\"},\"potentialAction\":[{\"@type\":\"SearchAction\",\"target\":{\"@type\":\"EntryPoint\",\"urlTemplate\":\"https:\\\/\\\/taxidestinocadiz.com\\\/?s={search_term_string}\"},\"query-input\":{\"@type\":\"PropertyValueSpecification\",\"valueRequired\":true,\"valueName\":\"search_term_string\"}}],\"inLanguage\":\"en-GB\"},{\"@type\":\"Organization\",\"@id\":\"https:\\\/\\\/taxidestinocadiz.com\\\/#organization\",\"name\":\"Taxi Destino C\u00e1diz\",\"url\":\"https:\\\/\\\/taxidestinocadiz.com\\\/\",\"logo\":{\"@type\":\"ImageObject\",\"inLanguage\":\"en-GB\",\"@id\":\"https:\\\/\\\/taxidestinocadiz.com\\\/#\\\/schema\\\/logo\\\/image\\\/\",\"url\":\"https:\\\/\\\/taxidestinocadiz.com\\\/wp-content\\\/uploads\\\/2025\\\/12\\\/logo-taxi.svg\",\"contentUrl\":\"https:\\\/\\\/taxidestinocadiz.com\\\/wp-content\\\/uploads\\\/2025\\\/12\\\/logo-taxi.svg\",\"width\":201,\"height\":25,\"caption\":\"Taxi Destino C\u00e1diz\"},\"image\":{\"@id\":\"https:\\\/\\\/taxidestinocadiz.com\\\/#\\\/schema\\\/logo\\\/image\\\/\"}}]}<\/script>\n<!-- \/ Yoast SEO plugin. -->","yoast_head_json":{"title":"Taxi Premium en C\u00e1diz | Reserva Taxi 24h - Taxi Destino C\u00e1diz","description":"Reserva tu taxi premium en C\u00e1diz de forma r\u00e1pida y segura. Servicio 24h, conductores profesionales, pago con tarjeta y m\u00e1xima comodidad.","robots":{"index":"index","follow":"follow","max-snippet":"max-snippet:-1","max-image-preview":"max-image-preview:large","max-video-preview":"max-video-preview:-1"},"canonical":"https:\/\/taxidestinocadiz.com\/en\/taxi-cadiz-premium\/","og_locale":"en_GB","og_type":"article","og_title":"Taxi Premium en C\u00e1diz | Reserva Taxi 24h - Taxi Destino C\u00e1diz","og_description":"Reserva tu taxi premium en C\u00e1diz de forma r\u00e1pida y segura. Servicio 24h, conductores profesionales, pago con tarjeta y m\u00e1xima comodidad.","og_url":"https:\/\/taxidestinocadiz.com\/en\/taxi-cadiz-premium\/","og_site_name":"Taxi Destino C\u00e1diz","article_modified_time":"2026-02-13T14:06:48+00:00","og_image":[{"width":1486,"height":996,"url":"https:\/\/taxidestinocadiz.com\/wp-content\/uploads\/2026\/02\/taxi-premium-cadiz.webp","type":"image\/webp"}],"twitter_card":"summary_large_image","twitter_misc":{"Estimated reading time":"1 minute"},"schema":{"@context":"https:\/\/schema.org","@graph":[{"@type":"WebPage","@id":"https:\/\/taxidestinocadiz.com\/taxi-cadiz-premium\/","url":"https:\/\/taxidestinocadiz.com\/taxi-cadiz-premium\/","name":"Taxi Premium en C\u00e1diz | Reserva Taxi 24h - Taxi Destino C\u00e1diz","isPartOf":{"@id":"https:\/\/taxidestinocadiz.com\/#website"},"primaryImageOfPage":{"@id":"https:\/\/taxidestinocadiz.com\/taxi-cadiz-premium\/#primaryimage"},"image":{"@id":"https:\/\/taxidestinocadiz.com\/taxi-cadiz-premium\/#primaryimage"},"thumbnailUrl":"https:\/\/taxidestinocadiz.com\/wp-content\/uploads\/2026\/02\/taxi-premium-cadiz.webp","datePublished":"2026-02-13T13:07:21+00:00","dateModified":"2026-02-13T14:06:48+00:00","description":"Reserva tu taxi premium en C\u00e1diz de forma r\u00e1pida y segura. Servicio 24h, conductores profesionales, pago con tarjeta y m\u00e1xima comodidad.","breadcrumb":{"@id":"https:\/\/taxidestinocadiz.com\/taxi-cadiz-premium\/#breadcrumb"},"inLanguage":"en-GB","potentialAction":[{"@type":"ReadAction","target":["https:\/\/taxidestinocadiz.com\/taxi-cadiz-premium\/"]}]},{"@type":"ImageObject","inLanguage":"en-GB","@id":"https:\/\/taxidestinocadiz.com\/taxi-cadiz-premium\/#primaryimage","url":"https:\/\/taxidestinocadiz.com\/wp-content\/uploads\/2026\/02\/taxi-premium-cadiz.webp","contentUrl":"https:\/\/taxidestinocadiz.com\/wp-content\/uploads\/2026\/02\/taxi-premium-cadiz.webp","width":1486,"height":996,"caption":"taxi premium en c\u00e1diz"},{"@type":"BreadcrumbList","@id":"https:\/\/taxidestinocadiz.com\/taxi-cadiz-premium\/#breadcrumb","itemListElement":[{"@type":"ListItem","position":1,"name":"Portada","item":"https:\/\/taxidestinocadiz.com\/"},{"@type":"ListItem","position":2,"name":"Taxi C\u00e1diz Premium"}]},{"@type":"WebSite","@id":"https:\/\/taxidestinocadiz.com\/#website","url":"https:\/\/taxidestinocadiz.com\/","name":"Taxi to Cadiz","description":"","publisher":{"@id":"https:\/\/taxidestinocadiz.com\/#organization"},"potentialAction":[{"@type":"SearchAction","target":{"@type":"EntryPoint","urlTemplate":"https:\/\/taxidestinocadiz.com\/?s={search_term_string}"},"query-input":{"@type":"PropertyValueSpecification","valueRequired":true,"valueName":"search_term_string"}}],"inLanguage":"en-GB"},{"@type":"Organization","@id":"https:\/\/taxidestinocadiz.com\/#organization","name":"Taxi to Cadiz","url":"https:\/\/taxidestinocadiz.com\/","logo":{"@type":"ImageObject","inLanguage":"en-GB","@id":"https:\/\/taxidestinocadiz.com\/#\/schema\/logo\/image\/","url":"https:\/\/taxidestinocadiz.com\/wp-content\/uploads\/2025\/12\/logo-taxi.svg","contentUrl":"https:\/\/taxidestinocadiz.com\/wp-content\/uploads\/2025\/12\/logo-taxi.svg","width":201,"height":25,"caption":"Taxi Destino C\u00e1diz"},"image":{"@id":"https:\/\/taxidestinocadiz.com\/#\/schema\/logo\/image\/"}}]}},"_links":{"self":[{"href":"https:\/\/taxidestinocadiz.com\/en\/wp-json\/wp\/v2\/pages\/347","targetHints":{"allow":["GET"]}}],"collection":[{"href":"https:\/\/taxidestinocadiz.com\/en\/wp-json\/wp\/v2\/pages"}],"about":[{"href":"https:\/\/taxidestinocadiz.com\/en\/wp-json\/wp\/v2\/types\/page"}],"author":[{"embeddable":true,"href":"https:\/\/taxidestinocadiz.com\/en\/wp-json\/wp\/v2\/users\/3"}],"replies":[{"embeddable":true,"href":"https:\/\/taxidestinocadiz.com\/en\/wp-json\/wp\/v2\/comments?post=347"}],"version-history":[{"count":7,"href":"https:\/\/taxidestinocadiz.com\/en\/wp-json\/wp\/v2\/pages\/347\/revisions"}],"predecessor-version":[{"id":372,"href":"https:\/\/taxidestinocadiz.com\/en\/wp-json\/wp\/v2\/pages\/347\/revisions\/372"}],"wp:featuredmedia":[{"embeddable":true,"href":"https:\/\/taxidestinocadiz.com\/en\/wp-json\/wp\/v2\/media\/360"}],"wp:attachment":[{"href":"https:\/\/taxidestinocadiz.com\/en\/wp-json\/wp\/v2\/media?parent=347"}],"curies":[{"name":"wp","href":"https:\/\/api.w.org\/{rel}","templated":true}]}}